{"id":13,"date":"2014-11-08T15:54:09","date_gmt":"2014-11-08T13:54:09","guid":{"rendered":"http:\/\/rsc-edv.de.w00ac018.kasserver.com\/?page_id=13"},"modified":"2014-11-08T15:55:12","modified_gmt":"2014-11-08T13:55:12","slug":"schulungen","status":"publish","type":"page","link":"https:\/\/rsc-edv.de\/?page_id=13","title":{"rendered":"Schulungen"},"content":{"rendered":"<p>Sie werden bemerken, dass die pers\u00f6nliche Begeisterung lange vor dem Fachwissen den Lernerfolg bestimmt \u2013 der Umgang mit dem PC soll auch Spa\u00df bringen. In unseren Seminaren ist daher das Motivieren der Teilnehmer ein wichtiger Bestandteil des Seminarkonzepts.<\/p>\n<p>Tausende von Anwendern, Administratoren und Mitarbeitern im Benutzerservice haben wir schon geschult \u2013 in Einsteigerseminaren bis zum Profi-Workshop.<\/p>\n<p>Die Qualifikation Ihrer Mitarbeiter bestimmt den effizienten Einsatz Ihrer DV-Systeme. Produktivit\u00e4tssteigerungen und Kostensenkungen werden nicht allein durch den Kauf von Soft- oder Hardware ausgel\u00f6st, sondern sind unmittelbar an die Durchf\u00fchrung entsprechender Schulungen gebunden.<\/p>\n","protected":false},"excerpt":{"rendered":"<p>Sie werden bemerken, dass die pers\u00f6nliche Begeisterung lange vor dem Fachwissen den Lernerfolg bestimmt \u2013 der Umgang mit dem PC soll auch Spa\u00df bringen. In unseren Seminaren ist daher das Motivieren der Teilnehmer ein wichtiger Bestandteil des Seminarkonzepts. Tausende von Anwendern, Administratoren und Mitarbeitern im Benutzerservice haben wir schon geschult \u2013 in Einsteigerseminaren bis zum [&hellip;]<\/p>\n","protected":false},"author":1,"featured_media":0,"parent":0,"menu_order":0,"comment_status":"closed","ping_status":"open","template":"","meta":[],"_links":{"self":[{"href":"https:\/\/rsc-edv.de\/index.php?rest_route=\/wp\/v2\/pages\/13"}],"collection":[{"href":"https:\/\/rsc-edv.de\/index.php?rest_route=\/wp\/v2\/pages"}],"about":[{"href":"https:\/\/rsc-edv.de\/index.php?rest_route=\/wp\/v2\/types\/page"}],"author":[{"embeddable":true,"href":"https:\/\/rsc-edv.de\/index.php?rest_route=\/wp\/v2\/users\/1"}],"replies":[{"embeddable":true,"href":"https:\/\/rsc-edv.de\/index.php?rest_route=%2Fwp%2Fv2%2Fcomments&post=13"}],"version-history":[{"count":1,"href":"https:\/\/rsc-edv.de\/index.php?rest_route=\/wp\/v2\/pages\/13\/revisions"}],"predecessor-version":[{"id":14,"href":"https:\/\/rsc-edv.de\/index.php?rest_route=\/wp\/v2\/pages\/13\/revisions\/14"}],"wp:attachment":[{"href":"https:\/\/rsc-edv.de\/index.php?rest_route=%2Fwp%2Fv2%2Fmedia&parent=13"}],"curies":[{"name":"wp","href":"https:\/\/api.w.org\/{rel}","templated":true}]}}