{"id":21,"date":"2014-11-08T16:49:54","date_gmt":"2014-11-08T14:49:54","guid":{"rendered":"http:\/\/rsc-edv.de.w00ac018.kasserver.com\/?page_id=21"},"modified":"2014-11-08T17:48:42","modified_gmt":"2014-11-08T15:48:42","slug":"hotline-und-support","status":"publish","type":"page","link":"https:\/\/rsc-edv.de\/?page_id=21","title":{"rendered":"Hotline und Support"},"content":{"rendered":"<p>Wir Bieten gerade f\u00fcr Kleine und Mittest\u00e4dische Unternehmen ohne eigene IT abteilung einen Kompletten IT Service an.<\/p>\n<p>Was bedeutet das f\u00fcr sie ?:<\/p>\n<p>&nbsp;<\/p>\n<ul>\n<li><strong>Telefonsupport<\/strong>: Diagnose und Troubleshooting f\u00fcr die kompletten Windows Betriebssysteme und der Office-Palette, Internet und Telefonie<\/li>\n<\/ul>\n<p>&nbsp;<\/p>\n<ul>\n<li><strong>Fernwartung<\/strong>: f\u00fcr eine schnelle Anwenderhilfe und \u00dcberwachung von Sicherungssystemen, Antivirus- und Firewall- und Router-Konfiguration<\/li>\n<\/ul>\n<p>&nbsp;<\/p>\n<ul>\n<li><strong>DSL und Festnetztelefon<\/strong>: Wartung und Entst\u00f6rung<\/li>\n<\/ul>\n<p>&nbsp;<\/p>\n<ul>\n<li><strong>Tarifberatung<\/strong>: f\u00fcr Handy und DSL sowie Festnetztelefon<\/li>\n<\/ul>\n<p>&nbsp;<\/p>\n<ul>\n<li><strong>Entscheidungshilfe<\/strong>: zu Hardwareanschaffung und Smartphone Endger\u00e4ten\u00a0 etc.<\/li>\n<\/ul>\n<p>&nbsp;<\/p>\n<ul>\n<li><strong>Reparaturservice<\/strong>: von Computerhardware sowie Kopierer und Drucker vor Ort<\/li>\n<\/ul>\n<p>&nbsp;<\/p>\n<p>Wir erstellen gern f\u00fcr Sie\u00a0 eins auf Sie zugeschnittets Angebot zusammen.<\/p>\n<p>&nbsp;<\/p>\n<p>&nbsp;<\/p>\n<p>&nbsp;<\/p>\n","protected":false},"excerpt":{"rendered":"<p>Wir Bieten gerade f\u00fcr Kleine und Mittest\u00e4dische Unternehmen ohne eigene IT abteilung einen Kompletten IT Service an. Was bedeutet das f\u00fcr sie ?: &nbsp; Telefonsupport: Diagnose und Troubleshooting f\u00fcr die kompletten Windows Betriebssysteme und der Office-Palette, Internet und Telefonie &nbsp; Fernwartung: f\u00fcr eine schnelle Anwenderhilfe und \u00dcberwachung von Sicherungssystemen, Antivirus- und Firewall- und Router-Konfiguration &nbsp; [&hellip;]<\/p>\n","protected":false},"author":1,"featured_media":0,"parent":0,"menu_order":0,"comment_status":"closed","ping_status":"open","template":"","meta":[],"_links":{"self":[{"href":"https:\/\/rsc-edv.de\/index.php?rest_route=\/wp\/v2\/pages\/21"}],"collection":[{"href":"https:\/\/rsc-edv.de\/index.php?rest_route=\/wp\/v2\/pages"}],"about":[{"href":"https:\/\/rsc-edv.de\/index.php?rest_route=\/wp\/v2\/types\/page"}],"author":[{"embeddable":true,"href":"https:\/\/rsc-edv.de\/index.php?rest_route=\/wp\/v2\/users\/1"}],"replies":[{"embeddable":true,"href":"https:\/\/rsc-edv.de\/index.php?rest_route=%2Fwp%2Fv2%2Fcomments&post=21"}],"version-history":[{"count":7,"href":"https:\/\/rsc-edv.de\/index.php?rest_route=\/wp\/v2\/pages\/21\/revisions"}],"predecessor-version":[{"id":38,"href":"https:\/\/rsc-edv.de\/index.php?rest_route=\/wp\/v2\/pages\/21\/revisions\/38"}],"wp:attachment":[{"href":"https:\/\/rsc-edv.de\/index.php?rest_route=%2Fwp%2Fv2%2Fmedia&parent=21"}],"curies":[{"name":"wp","href":"https:\/\/api.w.org\/{rel}","templated":true}]}}