{"id":74,"date":"2022-04-01T14:40:28","date_gmt":"2022-04-01T12:40:28","guid":{"rendered":"http:\/\/rsc-edv.de\/?page_id=74"},"modified":"2022-04-01T15:13:15","modified_gmt":"2022-04-01T13:13:15","slug":"agb","status":"publish","type":"page","link":"https:\/\/rsc-edv.de\/?page_id=74","title":{"rendered":"AGB"},"content":{"rendered":"\n<p><strong><\/strong><strong> <\/strong><strong><\/strong><strong><\/strong><\/p>\n\n\n\n<div class=\"wp-block-columns\">\n<div class=\"wp-block-column\" style=\"flex-basis:100%\">\n<figure class=\"wp-block-table\"><table><tbody><tr><td><strong>1.Geltung<\/strong> F\u00fcr alle Lieferungen und Leistungen von R\u00fcdiger Schneider RSC EDV gelten ausschlie\u00dflich diese Liefer-, Gesch\u00e4fts- und Zahlungsbedingungen. Abweichende Gesch\u00e4ftsbedingungen des Kunden werden nach ausdr\u00fccklicher&nbsp; schriftlicher Best\u00e4tigung wirksam. Unsere Gesch\u00e4ftsbedingungen gelten f\u00fcr alle, auch alle zuk\u00fcnftigen Gesch\u00e4ftsbeziehungen mit dem K\u00e4ufer \/ Auftraggeber.<\/td><td><\/td><\/tr><tr><td><strong>2.Vertragsabschlu\u00df<\/strong> Alle Angebote des Verk\u00e4ufers sind freibleibend und unverbindlich. Auftr\u00e4ge und Liefervertr\u00e4ge sind erst nach schriftlicher Best\u00e4tigung durch&nbsp; uns bindend, somit erfolgt ein Vertragsabschluss erst mit Auftragsbest\u00e4tigung oder Lieferung durch R\u00fcdiger Schneider EDV Beratung Schulung Netzwerke. M\u00fcndliche Nebenabreden sind erst mit ihrer schriftlichen Best\u00e4tigung bindend. Preise sind bis zum Vertragsabschlu\u00df unverbindlich. R\u00fcdiger Schneider RSC EDV wird nur dann Vertragspartner eines Kaufvertrages, wenn innerhalb des Bestellvorgangs \u00fcber das Internet nicht ausdr\u00fccklich darauf hingewiesen wird, dass hier keine Angebotsvermittlung zu Drittunternehmen get\u00e4tigt wird. F\u00fcr Nachunternehmer gelten immer die, zusammen mit dem Auftrag verbundenen, Nachunternehmerbedingungen.<\/td><td><\/td><\/tr><tr><td><\/td><\/tr><tr><td><strong>3. Preise<\/strong> S\u00e4mtliche Preisangaben beinhalten alle Steuern und sonstige Preisbestandteile, verstehen sich pro St\u00fcck, ohne,\u00a0 sofern schriftlich nicht anders vereinbart, Installation, Schulung oder sonstige Nebenleistungen. Sofern ein Versand vereinbart wird, erfolgen Fracht-, Verpackung- und Versicherung zu Lasten des Kunden. Irrtum und Fehler vorbehalten.\u00a0\u00a0 Auszug aus unserer Preisliste: Reaktionszeit innerhalb 3 stunden \u20ac 240,00 inkl. Mwst. <br>Stundensatz Service   \u20ac 101,15 inkl. Mwst. <br>Schulung pro Tag\u00a0ab  \u20ac 952,00 inkl. Mwst. <br>Anfahrt Land Anfahrt \u20ac 85,20 inkl. Mwst. (bis 100 Km)<\/td><td><\/td><\/tr><tr><td><\/td><\/tr><tr><td><strong>4.Zahlungsbedingungen, Verzug<\/strong> 1. S\u00e4mtliche Rechnungsbetr\u00e4ge sind sofort bei Erhalt der Lieferung oder Dienstleistung ohne jeglichen Abzug zu zahlen, es sei denn, es wurden schriftlich andere Zahlungsmodalit\u00e4ten vereinbart. 2. Im Falle eines Zahlungsverzuges werden Verzugszinsen in H\u00f6he von 5% \u00fcber dem jeweiligen Diskontsatz der Deutschen Bundesbank f\u00e4llig. 3. Wir sind berechtigt, trotz anders lautender Bestimmung des K\u00e4ufers Zahlungen zun\u00e4chst auf dessen \u00e4ltere Schulden anzurechnen. Sind bereits Kosten und Zinsen entstanden, so sind wir berechtigt, die Zahlungen zun\u00e4chst auf die Kosten, dann auf die Zinsen und zuletzt auf die Hauptforderung anzurechnen. 4. Unsere Forderungen werden &#8211; auch bei Stundung &#8211; sofort f\u00e4llig, sobald der Besteller mit der Erf\u00fcllung einer oder mehrerer Verbindlichkeiten in Verzug ger\u00e4t, Wechsel oder Schecks zu Protest gehen, der Besteller die Zahlungen einstellt, \u00fcberschuldet ist, \u00fcber sein Verm\u00f6gen ein Vergleichs- oder Konkursverfahren beauftragt oder er\u00f6ffnet, bzw. mangels Masse die Er\u00f6ffnung abgelehnt wurde. Wir sind berechtigt, in den oben genannten F\u00e4llen Vorbehaltsware zur\u00fcckzufordern und von dem Vertrag zur\u00fcckzutreten. 5. Wechsel werden nur nach Absprache hingenommen. Wechselkosten und Diskontspesen gehen zu Lasten des Kunden. 6. Der K\u00e4ufer kann gegen\u00fcber unseren Forderungen nur dann die Aufrechnung erkl\u00e4ren, wenn er eine unbestrittene oder rechtskr\u00e4ftig festgestellte Gegenforderung hat. 7. Wir behalten uns das uneingeschr\u00e4nkte Recht zur Abtretung unserer Forderungen an Dritte vor. 8. Ergeben sich nach Vertragsabschlu\u00df begr\u00fcndetet Bedenken hinsichtlich der Kreditw\u00fcrdigkeit des Bestellers oder seiner wirtschaftlichen Verh\u00e4ltnisse, so steht uns das Recht zu, nach unserer Wahl Vorkasse oder Sicherheitsleistungen innerhalb einer Woche vom Besteller zu verlangen. 9. Wir haben auch wahlweise das Recht, die Ausf\u00fchrung des Vertrages zu unterbrechen und sofortige Abrechnung zu verlangen. Im Weigerungsfall sind wir berechtigt, vom Vertrag zur\u00fcckzutreten. In diesem Fall steht dem Auftraggeber ein Schadensersatz nicht zu und wir sind berechtigt, bis dahin entstandene Leistungen und Kosten an den Besteller in Rechnung zu stellen und einzufordern. 10. Erstgesch\u00e4fte Bei einem Erstgesch\u00e4ft ist die Zahlung des Rechnungsbetrages sofort und ohne Abzug in bar oder per Bar Nachnahme zu leisten <strong>&nbsp;<\/strong><\/td><td><\/td><\/tr><tr><td><\/td><\/tr><tr><td><strong>5.Lieferzeit<\/strong> Liefertermine sind unverbindlich, sofern nicht schriftlich anders vereinbart. Ist eine Lieferfrist verbindlich vereinbart, so verl\u00e4ngert sich diese angemessen bei unverschuldeten unvorhergesehenen Ereignissen und h\u00f6herer Gewalt. Der K\u00e4ufer kann einen Verzugsschaden nur geltend machen, wenn dem Verk\u00e4ufer Vorsatz oder grobe Fahrl\u00e4ssigkeit zur Last f\u00e4llt <strong>&nbsp;<\/strong><\/td><td><\/td><\/tr><tr><td><\/td><\/tr><tr><td><strong>6.Gefahr\u00fcbergang<\/strong> Die Gefahr geht auf den K\u00e4ufer \u00fcber, sobald die Sendung an die den Transport aus\u00fcbende Person \u00fcbergeben worden ist, sp\u00e4testens aber sobald der Liefergegenstand die Gesch\u00e4fts- oder Lagerr\u00e4ume des Verk\u00e4ufers verl\u00e4sst. Wir sind zu Teillieferungen berechtigt. Die Lieferung an den Kunden erfolgt, sofern nichts anderes vereinbart wurde, ab den Gesch\u00e4ftsr\u00e4umen in Berlin. &nbsp;<\/td><td><\/td><\/tr><tr><td><strong>Markenzeichen und Unwirksamkeit<\/strong> Alle Markenzeichen werden anerkannt Die Parteien verpflichten sich f\u00fcr den Fall der Unwirksamkeit einer Bestimmung dieses Vertrages eine einverst\u00e4ndliche Regelung zu treffen, deren wirtschaftlicher Erfolg dem der unwirksamen Bestimmung so weit wie m\u00f6glich entspricht. Die \u00fcbrigen Bestimmungen bleiben davon unber\u00fchrt.<strong><\/strong><\/td><td><\/td><\/tr><tr><td><strong>7. Haftung<\/strong><br>Schadensersatzanspr\u00fcche jeglicher Art, also gleich aus welchem Rechtsgrund, sind ausgeschlossen, es sei denn&nbsp; R\u00fcdiger Schneider RSC EDV fallen Vorsatz oder grobe Fahrl\u00e4ssigkeit zur Last. Der Ausschluss der Haftung&nbsp; erstreckt sich auch auf den Verlust von Daten und&nbsp; anderen Folgesch\u00e4den.&nbsp;&nbsp; Ausgeschlossen sind Anspr\u00fcche auf Ersatz von entgangenem&nbsp; Gewinn, ausgebliebenen Einsparungen und Folgekosten.&nbsp; Der Haftungsausschluss gilt ebenso f\u00fcr Sch\u00e4den im Rahmen&nbsp; von Service- und Wartungsarbeiten.<br><strong>8. Vom Auftraggeber beschafftes Material<\/strong><br>gleich welcher Art, ist frei Haus zu liefern<br>&nbsp;<strong>9. Proben, Entw\u00fcrfe und Skizzen<\/strong><br>werden berechnet, auch wenn der Auftrag nicht erteilt wird.<br><strong>10. Eigentumsvorbehalt<\/strong><br>1. Wir behalten uns das Eigentum an der gelieferten Ware bis zum Zahlungseingang auf eines unseren Konten sowie allen Forderungen aus der Gesch\u00e4ftsverbindung der Parteien vor, und zwar auch soweit, als es sich um Forderungen aus fr\u00fcheren Lieferungen oder Dienstleistungen handelt.<br>2. Die Be- oder Verarbeitung von Vorbehaltsware erfolgt f\u00fcr uns, ohne uns zu verpflichten.<br>3. Im Falle einer Weiterver\u00e4u\u00dferung der Ware tritt der Besteller schon jetzt seine Anspr\u00fcche an uns ab. Wir sind berechtigt und der Besteller ist auf unser Verlangen verpflichtet, dem Kunden die Abtretung schriftlich anzuzeigen. Gegebenenfalls hat der Besteller auch im Wege des verl\u00e4ngerten Eigentumsvorbehalts uns das Eigentum an den Gegenst\u00e4nden gegen\u00fcber seinen Kunden vorzubehalten.<br>4. Wird die unter Eigentumsvorbehalt stehende Ware gepf\u00e4ndet, hat der Besteller uns sofort und umfassend zu unterrichten und den Dritten auf unsere Rechte aufmerksam zu machen, sowie uns die zu unserer Intervention n\u00f6tigen Unterlagen zur Verf\u00fcgung zu stellen. Die durch unserer Intervention entstehenden Kosten gehen zu Lasten des Bestellers<br><strong>11. Webauftr\u00e4ge und Webdesign<\/strong><br>1. Bei Webauftr\u00e4gen erwirbt der Auftraggeber die Programmierdienstleistung des Auftragnehmers und das einfache, unbeschr\u00e4nkte Nutzungsrecht an die f\u00fcr ihn erstellten Webseiten. Das Urheberrecht und Copyright verbleiben bei dem Auftragnehmer.<br>2. G\u00fcltig ist die bei Auftragsstellung aktuelle Preisliste des Auftragnehmers f\u00fcr Programmierdienstleistungen, die auf Anfrage zur Verf\u00fcgung gestellt wird.<br>3. Pauschalpreise f\u00fcr Programmierungen k\u00f6nnen nur dann vereinbart werden, wenn Art und Umfang der zu erstellenden Webseiten klar definiert sind und nachtr\u00e4gliche \u00c4nderungen seitens des Auftraggebers ausgeschlossen werden. Wird ein Pauschalpreis vereinbart, sind 80% des Auftragwertes bei Auftragsannahme f\u00e4llig. Der Restwert von 20% wird bei \u00dcbergabe und Abnahme der Webseiten durch den Auftraggeber f\u00e4llig.<br>4. Bei K\u00fcndigung oder R\u00fccktritt von Webauftr\u00e4gen seitens des Auftraggebers verpflichtet sich dieser, dem Auftragnehmer bis dahin entstandene Kosten zu ersetzen. Der Auftragnehmer verpflichtet sich den bis dahin erstellten Quellcode und alle Unterlagen, die ihr zur Verf\u00fcgung gestellt wurden, an den Auftraggeber herauszugeben. Sollte eine Pauschalzahlung des Auftraggebers erfolgt sein, wird der Auftragnehmer diese mit den entstandenen Kosten verrechnen und den Differenzbetrag auszahlen oder bei \u00dcberschreitung der Pauschale in Rechnung stellen.<br>5. Programmierungen, f\u00fcr die keine Festpreise vereinbart wurden, werden nach Zeitaufwand abgerechnet. Der Auftragnehmer stellt dem Auftraggeber \u00fcber geleistete Arbeitsstunden einen Nachweis zur Verf\u00fcgung.<br>6. Bei Individualangeboten von Webauftr\u00e4gen ist unsere Angebotskalkulation freibleibend. Kalkulations- und Druckfehler, Irrt\u00fcmer sowie Preis\u00e4nderungen sind vorbehalten. Beide Seiten sind an das Angebot 4 Wochen gebunden. F\u00fcr die Annahme des Angebots ist ein E-Mail an die angegebene E-Mail Adresse im Angebot ausreichend. Mit unserer Auftragsbest\u00e4tigung ist eine Vorauszahlung von 50% der Angebotskalkulation durch den Auftraggeber f\u00e4llig.<br>7. Der Auftragnehmer beh\u00e4lt sich vor nur unverbindliche Liefertermine zu nennen, wenn keine verwertbaren Unterlagen zur Verf\u00fcgung gestellt werden, da etwaige nicht vorgesehene \u00c4nderungen am Webdesign die Entwicklungszeit drastisch erh\u00f6hen k\u00f6nnen.<br>8. Wird ein verbindlicher Liefertermin genannt, darf dieser maximal 5 Werktage \u00fcberschreiten. Ist diese Frist \u00fcberschritten, ist der Auftraggeber berichtigt ohne Angaben von Gr\u00fcnden vom Vertrag zur\u00fcckzutreten.<br>9. Der Auftragnehmer ist verpflichtet den ausgef\u00fchrten Webauftrag vor der Internetpr\u00e4sentation und Suchmaschinenanmeldung dem Auftraggeber zur Abnahme bereitzustellen. Die Bereitstellung des ausgef\u00fchrten Webauftrags darf auch \u00fcber das Internet Online erfolgen. Als Abnahmebest\u00e4tigung ist ein E-Mail ausreichend<br><strong>12. Gew\u00e4hrleistung<\/strong><br>R\u00fcdiger Schneider RSC EDV gew\u00e4hrleistet im Rahmen der folgenden Bestimmungen, f\u00fcr die Dauer der gesetzlichen Gew\u00e4hrleistungszeit, dass Lieferungen und Leistungen frei von Fehlern im gew\u00e4hrleistungsrechtlichen Sinn sind. Offensichtliche M\u00e4ngel sind sp\u00e4testens 14 Tage nach Erhalt der Lieferung schriftlich anzuzeigen. Im kaufm\u00e4nnischen Gesch\u00e4ftsverkehr ist erforderlich, dass der kaufm\u00e4nnische Kunde seinen nach \u00a7\u00a7 377, 378 HGB bestimmten Untersuchungs- und R\u00fcgeobliegenheiten ordnungsgem\u00e4\u00df nachgekommen ist. Bei M\u00e4ngeln der gelieferten Ware ist R\u00fcdiger Schneider RSC EDV berechtigt kostenlos nachzubessern, den Austausch der schadhaften Teile vorzunehmen oder Ersatz zu liefern. Zu den M\u00e4ngeln geh\u00f6rt auch das Fehlen zugesicherter Eigenschaften. Die Gew\u00e4hrleistung erstreckt sich nicht auf Sch\u00e4den, die durch unsachgem\u00e4\u00dfe Behandlung, mangelhafte Wartung, Verunreinigung entstehen. Die Gew\u00e4hrleistung erlischt, wenn Reparaturen oder Eingriffe an der Ware vom&nbsp; Kunden selbst oder von Dritten ohne ausdr\u00fcckliche schriftliche Genehmigung von R\u00fcdiger Schneider RSC EDV vorgenommen werden.<br>Reparaturen au\u00dferhalb der Gew\u00e4hrleistungszeit sind kostenpflichtig&nbsp;<br><strong>13. Datenschutz\/Benachrichtigung<\/strong><br>Der K\u00e4ufer wird hiermit gem\u00e4\u00df \u00a733 Bundesdaten- Schutzgesetz davon in Kenntnis gesetzt, dass der Verk\u00e4ufer die vollst\u00e4ndige Anschrift sowie weitere im Zusammenhang&nbsp; mit dem Kaufvertrag stehende Angaben des&nbsp; K\u00e4ufers, soweit diese f\u00fcr die ordnungsgem\u00e4\u00dfe Erf\u00fcllung des Vertrages von Bedeutung&nbsp; sind, maschinell verarbeitet. Die vertrauliche Behandlung von Daten wird&nbsp; gew\u00e4hrleistet.<br><strong>14. Erf\u00fcllungsort, Gerichtsstand<\/strong><br>f\u00fcr alle sich aus dem Liefergesch\u00e4ft ergebenden Verbindlichkeiten und Gerichtstand f\u00fcr alle Streitigkeiten im Zusammenhang mit dem Liefergesch\u00e4ft ist Berlin (Deutschland). Alle Rechtsgesch\u00e4fte erfolgen ausschlie\u00dflich nach deutschem Recht.<br><\/td><\/tr><tr><td><\/td><\/tr><\/tbody><\/table><\/figure>\n<\/div>\n<\/div>\n","protected":false},"excerpt":{"rendered":"<p>1.Geltung F\u00fcr alle Lieferungen und Leistungen von R\u00fcdiger Schneider RSC EDV gelten ausschlie\u00dflich diese Liefer-, Gesch\u00e4fts- und Zahlungsbedingungen. Abweichende Gesch\u00e4ftsbedingungen des Kunden werden nach ausdr\u00fccklicher&nbsp; schriftlicher Best\u00e4tigung wirksam. Unsere Gesch\u00e4ftsbedingungen gelten f\u00fcr alle, auch alle zuk\u00fcnftigen Gesch\u00e4ftsbeziehungen mit dem K\u00e4ufer \/ Auftraggeber. 2.Vertragsabschlu\u00df Alle Angebote des Verk\u00e4ufers sind freibleibend und unverbindlich. Auftr\u00e4ge und Liefervertr\u00e4ge sind [&hellip;]<\/p>\n","protected":false},"author":1,"featured_media":0,"parent":0,"menu_order":0,"comment_status":"closed","ping_status":"closed","template":"","meta":[],"_links":{"self":[{"href":"https:\/\/rsc-edv.de\/index.php?rest_route=\/wp\/v2\/pages\/74"}],"collection":[{"href":"https:\/\/rsc-edv.de\/index.php?rest_route=\/wp\/v2\/pages"}],"about":[{"href":"https:\/\/rsc-edv.de\/index.php?rest_route=\/wp\/v2\/types\/page"}],"author":[{"embeddable":true,"href":"https:\/\/rsc-edv.de\/index.php?rest_route=\/wp\/v2\/users\/1"}],"replies":[{"embeddable":true,"href":"https:\/\/rsc-edv.de\/index.php?rest_route=%2Fwp%2Fv2%2Fcomments&post=74"}],"version-history":[{"count":2,"href":"https:\/\/rsc-edv.de\/index.php?rest_route=\/wp\/v2\/pages\/74\/revisions"}],"predecessor-version":[{"id":79,"href":"https:\/\/rsc-edv.de\/index.php?rest_route=\/wp\/v2\/pages\/74\/revisions\/79"}],"wp:attachment":[{"href":"https:\/\/rsc-edv.de\/index.php?rest_route=%2Fwp%2Fv2%2Fmedia&parent=74"}],"curies":[{"name":"wp","href":"https:\/\/api.w.org\/{rel}","templated":true}]}}